{"id":3264,"date":"2025-03-31T16:48:51","date_gmt":"2025-03-31T16:48:51","guid":{"rendered":"https:\/\/linsse.com\/?page_id=3264"},"modified":"2025-04-22T19:42:04","modified_gmt":"2025-04-22T19:42:04","slug":"avatares-interactivos","status":"publish","type":"page","link":"https:\/\/linsse.com\/en\/avatares-interactivos\/","title":{"rendered":"Avatares Interactivos"},"content":{"rendered":"\t\t<div data-elementor-type=\"wp-page\" data-elementor-id=\"3264\" class=\"elementor elementor-3264\">\n\t\t\t\t\t\t\t\t\t<section class=\"elementor-section elementor-top-section elementor-element elementor-element-3fe04b6 elementor-section-full_width elementor-section-height-min-height elementor-section-height-default elementor-section-items-middle\" data-id=\"3fe04b6\" data-element_type=\"section\" data-settings=\"{&quot;background_background&quot;:&quot;classic&quot;}\">\n\t\t\t\t\t\t<div class=\"elementor-container elementor-column-gap-default\">\n\t\t\t\t\t<div class=\"elementor-column elementor-col-25 elementor-top-column elementor-element elementor-element-7b9a1dc\" data-id=\"7b9a1dc\" data-element_type=\"column\" data-settings=\"{&quot;background_background&quot;:&quot;classic&quot;}\">\n\t\t\t<div class=\"elementor-widget-wrap elementor-element-populated\">\n\t\t\t\t\t\t\t\t<div class=\"elementor-element elementor-element-890cc39 elementor-widget elementor-widget-image\" data-id=\"890cc39\" data-element_type=\"widget\" data-widget_type=\"image.default\">\n\t\t\t\t<div class=\"elementor-widget-container\">\n\t\t\t<style>\/*! elementor - v3.6.7 - 03-07-2022 *\/\n.elementor-widget-image{text-align:center}.elementor-widget-image a{display:inline-block}.elementor-widget-image a img[src$=\".svg\"]{width:48px}.elementor-widget-image img{vertical-align:middle;display:inline-block}<\/style>\t\t\t\t\t\t\t\t\t\t\t\t\t<a href=\"https:\/\/linsse.com\/\">\n\t\t\t\t\t\t\t<img decoding=\"async\" src=\"https:\/\/linsse.com\/wp-content\/uploads\/elementor\/thumbs\/logo-linsse-header-pd4kd75o4957fijmfq75jtxkxpfh7c1dmpdkyepzpu.png\" title=\"logo-linsse-header\" alt=\"logo-linsse-header\" \/>\t\t\t\t\t\t\t\t<\/a>\n\t\t\t\t\t\t\t\t\t\t\t\t\t\t\t<\/div>\n\t\t\t\t<\/div>\n\t\t\t\t\t<\/div>\n\t\t<\/div>\n\t\t\t\t<div class=\"elementor-column elementor-col-25 elementor-top-column elementor-element elementor-element-edd2dc3\" data-id=\"edd2dc3\" data-element_type=\"column\" data-settings=\"{&quot;background_background&quot;:&quot;classic&quot;}\">\n\t\t\t<div class=\"elementor-widget-wrap elementor-element-populated\">\n\t\t\t\t\t\t\t\t<div class=\"elementor-element elementor-element-5750066 elementor-widget elementor-widget-ekit-nav-menu\" data-id=\"5750066\" data-element_type=\"widget\" data-widget_type=\"ekit-nav-menu.default\">\n\t\t\t\t<div class=\"elementor-widget-container\">\n\t\t\t<div class=\"ekit-wid-con ekit_menu_responsive_tablet\" data-hamburger-icon=\"\" data-hamburger-icon-type=\"icon\" data-responsive-breakpoint=\"1024\">            <button class=\"elementskit-menu-hamburger elementskit-menu-toggler\">\n                                    <span class=\"elementskit-menu-hamburger-icon\"><\/span><span class=\"elementskit-menu-hamburger-icon\"><\/span><span class=\"elementskit-menu-hamburger-icon\"><\/span>\n                            <\/button>\n            <div id=\"ekit-megamenu-menu\" class=\"elementskit-menu-container elementskit-menu-offcanvas-elements elementskit-navbar-nav-default elementskit_line_arrow ekit-nav-menu-one-page-no\"><ul id=\"menu-menu\" class=\"elementskit-navbar-nav elementskit-menu-po-center submenu-click-on-icon\"><li id=\"menu-item-242\" class=\"menu-item menu-item-type-custom menu-item-object-custom menu-item-242 nav-item elementskit-mobile-builder-content\" data-vertical-menu=750px><a href=\"https:\/\/linsse.com\/#quienessomos\" class=\"ekit-menu-nav-link\">QUIENES SOMOS<\/a><\/li>\n<li id=\"menu-item-3319\" class=\"menu-item menu-item-type-post_type menu-item-object-page menu-item-3319 nav-item elementskit-mobile-builder-content\" data-vertical-menu=750px><a href=\"https:\/\/linsse.com\/en\/avatares-interactivos\/\" class=\"ekit-menu-nav-link\">AVATARES INTERACTIVOS<\/a><\/li>\n<li id=\"menu-item-2997\" class=\"menu-item menu-item-type-post_type menu-item-object-page menu-item-2997 nav-item elementskit-mobile-builder-content\" data-vertical-menu=750px><a href=\"https:\/\/linsse.com\/en\/retail-y-trade-marketing\/\" class=\"ekit-menu-nav-link\">IOT RETAIL \/ TRADE MARKETING<\/a><\/li>\n<li id=\"menu-item-243\" class=\"menu-item menu-item-type-custom menu-item-object-custom menu-item-243 nav-item elementskit-mobile-builder-content\" data-vertical-menu=750px><a href=\"https:\/\/linsse.com\/#partners\" class=\"ekit-menu-nav-link\">PARTNERS<\/a><\/li>\n<li id=\"menu-item-246\" class=\"menu-item menu-item-type-custom menu-item-object-custom menu-item-246 nav-item elementskit-mobile-builder-content\" data-vertical-menu=750px><a href=\"https:\/\/linsse.com\/contacto\" class=\"ekit-menu-nav-link\">CONTACTO<\/a><\/li>\n<li id=\"menu-item-742\" class=\"trp-language-switcher-container menu-item menu-item-type-post_type menu-item-object-language_switcher current-language-menu-item menu-item-742 nav-item elementskit-mobile-builder-content\" data-vertical-menu=750px><a href=\"https:\/\/linsse.com\/en\/wp-json\/wp\/v2\/pages\/3264#TRPLINKPROCESSED\" class=\"ekit-menu-nav-link\"><span data-no-translation><img loading=\"lazy\" decoding=\"async\" class=\"trp-flag-image\" src=\"https:\/\/linsse.com\/wp-content\/plugins\/translatepress-multilingual\/assets\/images\/flags\/es_ES.png\" width=\"18\" height=\"12\" alt=\"es_ES\" title=\"Espa\u00f1ol\"><\/span><\/a><\/li>\n<li id=\"menu-item-743\" class=\"trp-language-switcher-container menu-item menu-item-type-post_type menu-item-object-language_switcher current-language-menu-item menu-item-743 nav-item elementskit-mobile-builder-content\" data-vertical-menu=750px><a href=\"https:\/\/linsse.com\/en\/wp-json\/wp\/v2\/pages\/3264#TRPLINKPROCESSED\" class=\"ekit-menu-nav-link\"><span data-no-translation><img loading=\"lazy\" decoding=\"async\" class=\"trp-flag-image\" src=\"https:\/\/linsse.com\/wp-content\/plugins\/translatepress-multilingual\/assets\/images\/flags\/en_US.png\" width=\"18\" height=\"12\" alt=\"en_US\" title=\"English\"><\/span><\/a><\/li>\n<\/ul>\n\t\t\t\t<div class=\"elementskit-nav-identity-panel\">\n\t\t\t\t\t<div class=\"elementskit-site-title\">\n\t\t\t\t\t\t<a class=\"elementskit-nav-logo\" href=\"https:\/\/linsse.com\/en\" target=\"_self\" rel=\"\">\n                            <img decoding=\"async\" src=\"https:\/\/linsse.com\/wp-content\/plugins\/elementor\/assets\/images\/placeholder.png\" title=\"Untitled\" alt=\"\" \/>\n\t\t\t\t\t\t<\/a> \n\t\t\t\t\t<\/div>\n\t\t\t\t\t<button class=\"elementskit-menu-close elementskit-menu-toggler\" type=\"button\">X<\/button>\n\t\t\t\t<\/div>\n\t\t\t<\/div><div class=\"elementskit-menu-overlay elementskit-menu-offcanvas-elements elementskit-menu-toggler ekit-nav-menu--overlay\"><\/div><\/div>\t\t<\/div>\n\t\t\t\t<\/div>\n\t\t\t\t\t<\/div>\n\t\t<\/div>\n\t\t\t\t<div class=\"elementor-column elementor-col-25 elementor-top-column elementor-element elementor-element-b57d941\" data-id=\"b57d941\" data-element_type=\"column\">\n\t\t\t<div class=\"elementor-widget-wrap elementor-element-populated\">\n\t\t\t\t\t\t\t\t<div class=\"elementor-element elementor-element-2911b99 elementor-view-default elementor-widget elementor-widget-icon\" data-id=\"2911b99\" data-element_type=\"widget\" data-widget_type=\"icon.default\">\n\t\t\t\t<div class=\"elementor-widget-container\">\n\t\t\t\t\t<div class=\"elementor-icon-wrapper\">\n\t\t\t<a class=\"elementor-icon\" href=\"https:\/\/www.linkedin.com\/company\/linsse\" target=\"_blank\">\n\t\t\t<i aria-hidden=\"true\" class=\"fab fa-linkedin\"><\/i>\t\t\t<\/a>\n\t\t<\/div>\n\t\t\t\t<\/div>\n\t\t\t\t<\/div>\n\t\t\t\t\t<\/div>\n\t\t<\/div>\n\t\t\t\t<div class=\"elementor-column elementor-col-25 elementor-top-column elementor-element elementor-element-8272303\" data-id=\"8272303\" data-element_type=\"column\">\n\t\t\t<div class=\"elementor-widget-wrap elementor-element-populated\">\n\t\t\t\t\t\t\t\t<div class=\"elementor-element elementor-element-7d96dda elementor-view-default elementor-widget elementor-widget-icon\" data-id=\"7d96dda\" data-element_type=\"widget\" data-widget_type=\"icon.default\">\n\t\t\t\t<div class=\"elementor-widget-container\">\n\t\t\t\t\t<div class=\"elementor-icon-wrapper\">\n\t\t\t<a class=\"elementor-icon\" href=\"https:\/\/www.instagram.com\/linsseiot.uy\" target=\"_blank\">\n\t\t\t<i aria-hidden=\"true\" class=\"fab fa-instagram\"><\/i>\t\t\t<\/a>\n\t\t<\/div>\n\t\t\t\t<\/div>\n\t\t\t\t<\/div>\n\t\t\t\t\t<\/div>\n\t\t<\/div>\n\t\t\t\t\t\t\t<\/div>\n\t\t<\/section>\n\t\t\t\t<section class=\"elementor-section elementor-top-section elementor-element elementor-element-b6856f6 elementor-section-boxed elementor-section-height-default elementor-section-height-default\" data-id=\"b6856f6\" data-element_type=\"section\">\n\t\t\t\t\t\t<div class=\"elementor-container elementor-column-gap-default\">\n\t\t\t\t\t<div class=\"elementor-column elementor-col-100 elementor-top-column elementor-element elementor-element-744d117\" data-id=\"744d117\" data-element_type=\"column\">\n\t\t\t<div class=\"elementor-widget-wrap elementor-element-populated\">\n\t\t\t\t\t\t\t\t<div class=\"elementor-element elementor-element-045ae64 elementor-widget elementor-widget-image\" data-id=\"045ae64\" data-element_type=\"widget\" data-widget_type=\"image.default\">\n\t\t\t\t<div class=\"elementor-widget-container\">\n\t\t\t\t\t\t\t\t\t\t\t\t\t\t\t<img loading=\"lazy\" decoding=\"async\" width=\"750\" height=\"334\" src=\"https:\/\/linsse.com\/wp-content\/uploads\/2025\/04\/Login-8-768x342.png\" class=\"attachment-medium_large size-medium_large\" alt=\"\" srcset=\"https:\/\/linsse.com\/wp-content\/uploads\/2025\/04\/Login-8-768x342.png 768w, https:\/\/linsse.com\/wp-content\/uploads\/2025\/04\/Login-8-300x134.png 300w, https:\/\/linsse.com\/wp-content\/uploads\/2025\/04\/Login-8-1024x456.png 1024w, https:\/\/linsse.com\/wp-content\/uploads\/2025\/04\/Login-8-18x8.png 18w, https:\/\/linsse.com\/wp-content\/uploads\/2025\/04\/Login-8.png 1125w\" sizes=\"auto, (max-width: 750px) 100vw, 750px\" style=\"width:100%;height:44.53%;max-width:1125px\" \/>\t\t\t\t\t\t\t\t\t\t\t\t\t\t\t<\/div>\n\t\t\t\t<\/div>\n\t\t\t\t<div class=\"elementor-element elementor-element-1e990fb elementor-widget elementor-widget-image\" data-id=\"1e990fb\" data-element_type=\"widget\" data-widget_type=\"image.default\">\n\t\t\t\t<div class=\"elementor-widget-container\">\n\t\t\t\t\t\t\t\t\t\t\t\t\t\t\t<img loading=\"lazy\" decoding=\"async\" width=\"750\" height=\"416\" src=\"https:\/\/linsse.com\/wp-content\/uploads\/2025\/04\/Login-9-768x426.png\" class=\"attachment-medium_large size-medium_large\" alt=\"\" srcset=\"https:\/\/linsse.com\/wp-content\/uploads\/2025\/04\/Login-9-768x426.png 768w, https:\/\/linsse.com\/wp-content\/uploads\/2025\/04\/Login-9-300x166.png 300w, https:\/\/linsse.com\/wp-content\/uploads\/2025\/04\/Login-9-1024x568.png 1024w, https:\/\/linsse.com\/wp-content\/uploads\/2025\/04\/Login-9-18x10.png 18w, https:\/\/linsse.com\/wp-content\/uploads\/2025\/04\/Login-9.png 1125w\" sizes=\"auto, (max-width: 750px) 100vw, 750px\" style=\"width:100%;height:55.47%;max-width:1125px\" \/>\t\t\t\t\t\t\t\t\t\t\t\t\t\t\t<\/div>\n\t\t\t\t<\/div>\n\t\t\t\t<div class=\"elementor-element elementor-element-32b6f36 elementor-widget__width-inherit elementor-widget elementor-widget-html\" data-id=\"32b6f36\" data-element_type=\"widget\" data-widget_type=\"html.default\">\n\t\t\t\t<div class=\"elementor-widget-container\">\n\t\t\t<!DOCTYPE html>\r\n<html lang=\"es\">\r\n<head>\r\n    <meta charset=\"UTF-8\">\r\n    <meta name=\"viewport\" content=\"width=device-width, initial-scale=1.0\">\r\n    <title>Conversa con nuestro asistente virtual interactivo<\/title>\r\n    <style>\r\n        \/* Estilo general *\/\r\n        body {\r\n            font-family: Arial, sans-serif;\r\n            margin: 0;\r\n            padding: 20px; \/* Espaciado para que no quede pegado a los bordes *\/\r\n            background-color: #5462CC; \/* Color de fondo *\/\r\n        }\r\n\r\n        .component-container {\r\n            display: flex;\r\n            flex-direction: column;\r\n            align-items: center;\r\n            gap: 20px;\r\n            max-width: 800px;\r\n            background-color: #5462CC; \/* Nuevo color de fondo *\/\r\n            border: 1px solid #ddd;\r\n            border-radius: 10px;\r\n            box-shadow: 0 4px 10px rgba(0, 0, 0, 0.1);\r\n            padding: 20px;\r\n            margin: 0 auto; \/* Centrado horizontal *\/\r\n        }\r\n\r\n        h2 {\r\n            font-size: 18px; \/* T\u00edtulo m\u00e1s peque\u00f1o *\/\r\n            color: #FFFFFF;\r\n            margin: 0;\r\n            text-align: center;\r\n        }\r\n\r\n        #avatar-container {\r\n            position: relative;\r\n            width: 100%;\r\n            aspect-ratio: 16 \/ 9; \/* Relaci\u00f3n de aspecto 16:9 *\/\r\n            border: 2px solid #007bff;\r\n            border-radius: 8px;\r\n            overflow: hidden;\r\n            transition: all 0.3s ease;\r\n        }\r\n\r\n        iframe {\r\n            width: 100%;\r\n            height: 100%;\r\n            border: dashed;\r\n        }\r\n\r\n        .button-container {\r\n            display: flex;\r\n            flex-wrap: wrap;\r\n            gap: 10px;\r\n            justify-content: center;\r\n        }\r\n\r\n        button {\r\n            padding: 5px 10px;\r\n            font-size: 12px; \/* Tama\u00f1o reducido *\/\r\n            background-color: #007bff;\r\n            color: white;\r\n            border: none;\r\n            border-radius: 5px;\r\n            cursor: pointer;\r\n            transition: background-color 0.2s;\r\n        }\r\n\r\n        button:hover {\r\n            background-color: #0056b3;\r\n        }\r\n\r\n        .script-output {\r\n            font-size: 14px;\r\n            color: #333;\r\n            text-align: center;\r\n            margin-top: 10px;\r\n        }\r\n    <\/style>\r\n<\/head>\r\n<body>\r\n    <div class=\"component-container\">\r\n        <h2>Conversa con nuestro asistente virtual interactivo<\/h2>\r\n\r\n        <!-- Contenedor del avatar -->\r\n        <div id=\"avatar-container\">\r\n            <!-- El avatar se carga din\u00e1micamente con el script -->\r\n        <\/div>\r\n\r\n        <!-- Contenedor de botones -->\r\n        <div class=\"button-container\">\r\n            <button onclick=\"showInfo('avatar')\">\u00bfQu\u00e9 es un avatar interactivo?<\/button>\r\n            <button onclick=\"showInfo('purpose')\">\u00bfPara qu\u00e9 sirve?<\/button>\r\n            <button onclick=\"showInfo('applications')\">\u00bfQu\u00e9 aplicaciones tiene?<\/button>\r\n        <\/div>\r\n\r\n        <!-- Salida del script -->\r\n        <div class=\"script-output\" id=\"script-output\">Haz clic en los botones para m\u00e1s informaci\u00f3n.<\/div>\r\n    <\/div>\r\n\r\n    <!-- Script del avatar -->\r\n    <script>\r\n        \/\/ Funci\u00f3n para cargar el avatar\r\n        (function loadAvatar() {\r\n            const host = \"https:\/\/labs.heygen.com\";\r\n            const url = host + \"\/guest\/streaming-embed?share=eyJxdWFsaXR5IjoiaGlnaCIsImF2YXRhck5hbWUiOiJFbGVub3JhX0lUX1NpdHRpbmdfcHVibGlj%0D%0AIiwicHJldmlld0ltZyI6Imh0dHBzOi8vZmlsZXMyLmhleWdlbi5haS9hdmF0YXIvdjMvY2JkNGE2%0D%0AOTg5MGEwNDBlNmEwZDU0MDg4ZTYwNmE1NTlfNDU2MTAvcHJldmlld190YWxrXzMud2VicCIsIm5l%0D%0AZWRSZW1vdmVCYWNrZ3JvdW5kIjpmYWxzZSwia25vd2xlZGdlQmFzZUlkIjoiNzNlMTUzY2QwYjk4%0D%0ANDcyZTk3M2JjMWY2OTYyY2E0MDUiLCJ1c2VybmFtZSI6IjYwMDQ4Y2EzMTNkZjQ4MjhhZmU1Nzg0%0D%0ANjRmMWU5NzNhIn0%3D&inIFrame=1\";\r\n\r\n            const iframe = document.createElement(\"iframe\");\r\n            iframe.src = url;\r\n            iframe.allow = \"microphone\";\r\n            iframe.title = \"Streaming Embed\";\r\n\r\n            const avatarContainer = document.getElementById(\"avatar-container\");\r\n            avatarContainer.appendChild(iframe);\r\n        })();\r\n\r\n        \/\/ Funci\u00f3n para mostrar informaci\u00f3n seg\u00fan el bot\u00f3n presionado\r\n        function showInfo(type) {\r\n            const output = document.getElementById(\"script-output\");\r\n            if (type === \"avatar\") {\r\n                output.textContent = \"Un avatar interactivo es una representaci\u00f3n virtual que interact\u00faa con los usuarios mediante voz, texto o movimientos simulados.\";\r\n            } else if (type === \"purpose\") {\r\n                output.textContent = \"Sirve para mejorar la experiencia del usuario en ventas, soporte, educaci\u00f3n y entretenimiento, ofreciendo interacciones personalizadas.\";\r\n            } else if (type === \"applications\") {\r\n                output.textContent = \"Las aplicaciones incluyen atenci\u00f3n al cliente, gu\u00edas virtuales, entrenamientos, marketing interactivo y m\u00e1s.\";\r\n            }\r\n        }\r\n    <\/script>\r\n<\/body>\r\n<\/html>\t\t<\/div>\n\t\t\t\t<\/div>\n\t\t\t\t<div class=\"elementor-element elementor-element-7f77a0f elementor-widget elementor-widget-elementskit-button\" data-id=\"7f77a0f\" data-element_type=\"widget\" data-widget_type=\"elementskit-button.default\">\n\t\t\t\t<div class=\"elementor-widget-container\">\n\t\t\t<div class=\"ekit-wid-con\" >\t\t<div class=\"ekit-btn-wraper\">\n\t\t\t\t\t\t\t<a href=\"https:\/\/linsse.com\/contacto\/\" class=\"elementskit-btn  whitespace--normal\" >\n\t\t\t\t\t\n\t\t\t\t\t\n\t\t\t\t\tContactanos para conocer mas\t\t\t\t<\/a>\n\t\t\t\t\t\t<\/div>\n        <\/div>\t\t<\/div>\n\t\t\t\t<\/div>\n\t\t\t\t\t<\/div>\n\t\t<\/div>\n\t\t\t\t\t\t\t<\/div>\n\t\t<\/section>\n\t\t\t\t<section class=\"elementor-section elementor-top-section elementor-element elementor-element-24d32d5 elementor-section-full_width elementor-section-height-min-height elementor-section-stretched elementor-section-height-default elementor-section-items-middle\" data-id=\"24d32d5\" data-element_type=\"section\" data-settings=\"{&quot;background_background&quot;:&quot;classic&quot;,&quot;stretch_section&quot;:&quot;section-stretched&quot;}\">\n\t\t\t\t\t\t<div class=\"elementor-container elementor-column-gap-default\">\n\t\t\t\t\t<div class=\"elementor-column elementor-col-14 elementor-top-column elementor-element elementor-element-0e8de04\" data-id=\"0e8de04\" data-element_type=\"column\">\n\t\t\t<div class=\"elementor-widget-wrap\">\n\t\t\t\t\t\t\t\t\t<\/div>\n\t\t<\/div>\n\t\t\t\t<div class=\"elementor-column elementor-col-14 elementor-top-column elementor-element elementor-element-b450a53\" data-id=\"b450a53\" data-element_type=\"column\">\n\t\t\t<div class=\"elementor-widget-wrap elementor-element-populated\">\n\t\t\t\t\t\t\t\t<div class=\"elementor-element elementor-element-678025b elementor-view-default elementor-widget elementor-widget-icon\" data-id=\"678025b\" data-element_type=\"widget\" data-widget_type=\"icon.default\">\n\t\t\t\t<div class=\"elementor-widget-container\">\n\t\t\t\t\t<div class=\"elementor-icon-wrapper\">\n\t\t\t<a class=\"elementor-icon\" href=\"https:\/\/www.instagram.com\/linsseiot.uy\">\n\t\t\t<i aria-hidden=\"true\" class=\"icon icon-instagram-1\"><\/i>\t\t\t<\/a>\n\t\t<\/div>\n\t\t\t\t<\/div>\n\t\t\t\t<\/div>\n\t\t\t\t\t<\/div>\n\t\t<\/div>\n\t\t\t\t<div class=\"elementor-column elementor-col-14 elementor-top-column elementor-element elementor-element-91f8f08\" data-id=\"91f8f08\" data-element_type=\"column\">\n\t\t\t<div class=\"elementor-widget-wrap elementor-element-populated\">\n\t\t\t\t\t\t\t\t<div class=\"elementor-element elementor-element-0f539df elementor-view-default elementor-widget elementor-widget-icon\" data-id=\"0f539df\" data-element_type=\"widget\" data-widget_type=\"icon.default\">\n\t\t\t\t<div class=\"elementor-widget-container\">\n\t\t\t\t\t<div class=\"elementor-icon-wrapper\">\n\t\t\t<a class=\"elementor-icon\" href=\"https:\/\/www.linkedin.com\/company\/linsse\">\n\t\t\t<i aria-hidden=\"true\" class=\"fab fa-linkedin\"><\/i>\t\t\t<\/a>\n\t\t<\/div>\n\t\t\t\t<\/div>\n\t\t\t\t<\/div>\n\t\t\t\t\t<\/div>\n\t\t<\/div>\n\t\t\t\t<div class=\"elementor-column elementor-col-14 elementor-top-column elementor-element elementor-element-4a2073a\" data-id=\"4a2073a\" data-element_type=\"column\">\n\t\t\t<div class=\"elementor-widget-wrap\">\n\t\t\t\t\t\t\t\t\t<\/div>\n\t\t<\/div>\n\t\t\t\t<div class=\"elementor-column elementor-col-14 elementor-top-column elementor-element elementor-element-2cc1dcd\" data-id=\"2cc1dcd\" data-element_type=\"column\">\n\t\t\t<div class=\"elementor-widget-wrap elementor-element-populated\">\n\t\t\t\t\t\t\t\t<div class=\"elementor-element elementor-element-4f80e65 elementor-view-default elementor-widget elementor-widget-icon\" data-id=\"4f80e65\" data-element_type=\"widget\" data-widget_type=\"icon.default\">\n\t\t\t\t<div class=\"elementor-widget-container\">\n\t\t\t\t\t<div class=\"elementor-icon-wrapper\">\n\t\t\t<div class=\"elementor-icon\">\n\t\t\t<i aria-hidden=\"true\" class=\"far fa-envelope\"><\/i>\t\t\t<\/div>\n\t\t<\/div>\n\t\t\t\t<\/div>\n\t\t\t\t<\/div>\n\t\t\t\t\t<\/div>\n\t\t<\/div>\n\t\t\t\t<div class=\"elementor-column elementor-col-14 elementor-top-column elementor-element elementor-element-ff60713\" data-id=\"ff60713\" data-element_type=\"column\">\n\t\t\t<div class=\"elementor-widget-wrap elementor-element-populated\">\n\t\t\t\t\t\t\t\t<div class=\"elementor-element elementor-element-baed081 elementor-widget elementor-widget-text-editor\" data-id=\"baed081\" data-element_type=\"widget\" data-widget_type=\"text-editor.default\">\n\t\t\t\t<div class=\"elementor-widget-container\">\n\t\t\t<style>\/*! elementor - v3.6.7 - 03-07-2022 *\/\n.elementor-widget-text-editor.elementor-drop-cap-view-stacked .elementor-drop-cap{background-color:#818a91;color:#fff}.elementor-widget-text-editor.elementor-drop-cap-view-framed .elementor-drop-cap{color:#818a91;border:3px solid;background-color:transparent}.elementor-widget-text-editor:not(.elementor-drop-cap-view-default) .elementor-drop-cap{margin-top:8px}.elementor-widget-text-editor:not(.elementor-drop-cap-view-default) .elementor-drop-cap-letter{width:1em;height:1em}.elementor-widget-text-editor .elementor-drop-cap{float:left;text-align:center;line-height:1;font-size:50px}.elementor-widget-text-editor .elementor-drop-cap-letter{display:inline-block}<\/style>\t\t\t\t<p style=\"text-align: left;\">info@linsse.com<\/p>\t\t\t\t\t\t<\/div>\n\t\t\t\t<\/div>\n\t\t\t\t\t<\/div>\n\t\t<\/div>\n\t\t\t\t<div class=\"elementor-column elementor-col-14 elementor-top-column elementor-element elementor-element-32c2b6e\" data-id=\"32c2b6e\" data-element_type=\"column\">\n\t\t\t<div class=\"elementor-widget-wrap elementor-element-populated\">\n\t\t\t\t\t\t\t\t<div class=\"elementor-element elementor-element-a2e9fe5 elementor-widget elementor-widget-image\" data-id=\"a2e9fe5\" data-element_type=\"widget\" data-widget_type=\"image.default\">\n\t\t\t\t<div class=\"elementor-widget-container\">\n\t\t\t\t\t\t\t\t\t\t\t\t\t\t\t<img loading=\"lazy\" decoding=\"async\" width=\"180\" height=\"53\" src=\"https:\/\/linsse.com\/wp-content\/uploads\/2021\/09\/logo-linsse-header.png\" class=\"attachment-full size-full\" alt=\"\" srcset=\"https:\/\/linsse.com\/wp-content\/uploads\/2021\/09\/logo-linsse-header.png 180w, https:\/\/linsse.com\/wp-content\/uploads\/2021\/09\/logo-linsse-header-18x5.png 18w\" sizes=\"auto, (max-width: 180px) 100vw, 180px\" style=\"width:100%;height:29.44%;max-width:180px\" \/>\t\t\t\t\t\t\t\t\t\t\t\t\t\t\t<\/div>\n\t\t\t\t<\/div>\n\t\t\t\t\t<\/div>\n\t\t<\/div>\n\t\t\t\t\t\t\t<\/div>\n\t\t<\/section>\n\t\t\t\t\t\t\t<\/div>\n\t\t","protected":false},"excerpt":{"rendered":"<p>QUIENES SOMOS AVATARES INTERACTIVOS IOT RETAIL \/ TRADE MARKETING PARTNERS CONTACTO X Conversa con nuestro asistente virtual interactivo Conversa con nuestro asistente virtual interactivo \u00bfQu\u00e9 es un avatar interactivo? \u00bfPara qu\u00e9 sirve? \u00bfQu\u00e9 aplicaciones tiene? Haz clic en los botones para m\u00e1s informaci\u00f3n. Contactanos para conocer mas info@linsse.com<\/p>","protected":false},"author":1,"featured_media":0,"parent":0,"menu_order":0,"comment_status":"closed","ping_status":"closed","template":"","meta":{"_joinchat":[],"footnotes":""},"class_list":["post-3264","page","type-page","status-publish","hentry","entry"],"_links":{"self":[{"href":"https:\/\/linsse.com\/en\/wp-json\/wp\/v2\/pages\/3264","targetHints":{"allow":["GET"]}}],"collection":[{"href":"https:\/\/linsse.com\/en\/wp-json\/wp\/v2\/pages"}],"about":[{"href":"https:\/\/linsse.com\/en\/wp-json\/wp\/v2\/types\/page"}],"author":[{"embeddable":true,"href":"https:\/\/linsse.com\/en\/wp-json\/wp\/v2\/users\/1"}],"replies":[{"embeddable":true,"href":"https:\/\/linsse.com\/en\/wp-json\/wp\/v2\/comments?post=3264"}],"version-history":[{"count":30,"href":"https:\/\/linsse.com\/en\/wp-json\/wp\/v2\/pages\/3264\/revisions"}],"predecessor-version":[{"id":3331,"href":"https:\/\/linsse.com\/en\/wp-json\/wp\/v2\/pages\/3264\/revisions\/3331"}],"wp:attachment":[{"href":"https:\/\/linsse.com\/en\/wp-json\/wp\/v2\/media?parent=3264"}],"curies":[{"name":"wp","href":"https:\/\/api.w.org\/{rel}","templated":true}]}}